{"id":13420,"date":"2020-11-30T05:30:04","date_gmt":"2020-11-30T04:30:04","guid":{"rendered":"http:\/\/192.168.0.108\/braintech\/?page_id=13420"},"modified":"2022-12-06T15:52:28","modified_gmt":"2022-12-06T14:52:28","slug":"actualites","status":"publish","type":"page","link":"https:\/\/www.uneeti.com\/new\/index.php\/actualites\/","title":{"rendered":"Actualit\u00e9s"},"content":{"rendered":"\t\t<div data-elementor-type=\"wp-page\" data-elementor-id=\"13420\" class=\"elementor elementor-13420\">\n\t\t\t\t\t\t\t\t\t<section class=\"elementor-section elementor-top-section elementor-element elementor-element-89a959d elementor-section-stretched elementor-section-boxed elementor-section-height-default elementor-section-height-default\" data-id=\"89a959d\" data-element_type=\"section\" data-settings=\"{&quot;stretch_section&quot;:&quot;section-stretched&quot;}\">\n\t\t\t\t\t\t<div class=\"elementor-container elementor-column-gap-default\">\n\t\t\t\t\t<div class=\"elementor-column elementor-col-100 elementor-top-column elementor-element elementor-element-8402ce8\" data-id=\"8402ce8\" data-element_type=\"column\">\n\t\t\t<div class=\"elementor-widget-wrap elementor-element-populated\">\n\t\t\t\t\t\t\t\t<div class=\"elementor-element elementor-element-940770f elementor-widget elementor-widget-heading\" data-id=\"940770f\" data-element_type=\"widget\" data-widget_type=\"heading.default\">\n\t\t\t\t<div class=\"elementor-widget-container\">\n\t\t\t<style>\/*! elementor - v3.8.1 - 13-11-2022 *\/\n.elementor-heading-title{padding:0;margin:0;line-height:1}.elementor-widget-heading .elementor-heading-title[class*=elementor-size-]>a{color:inherit;font-size:inherit;line-height:inherit}.elementor-widget-heading .elementor-heading-title.elementor-size-small{font-size:15px}.elementor-widget-heading .elementor-heading-title.elementor-size-medium{font-size:19px}.elementor-widget-heading .elementor-heading-title.elementor-size-large{font-size:29px}.elementor-widget-heading .elementor-heading-title.elementor-size-xl{font-size:39px}.elementor-widget-heading .elementor-heading-title.elementor-size-xxl{font-size:59px}<\/style><h2 class=\"elementor-heading-title elementor-size-default\">Trouvez l'actualit\u00e9 du monde de la Cybers\u00e9curit\u00e9 et de l'informatique<\/h2>\t\t<\/div>\n\t\t\t\t<\/div>\n\t\t\t\t\t<\/div>\n\t\t<\/div>\n\t\t\t\t\t\t\t<\/div>\n\t\t<\/section>\n\t\t\t\t<section class=\"elementor-section elementor-top-section elementor-element elementor-element-5cd33b5 elementor-section-boxed elementor-section-height-default elementor-section-height-default\" data-id=\"5cd33b5\" data-element_type=\"section\">\n\t\t\t\t\t\t<div class=\"elementor-container elementor-column-gap-default\">\n\t\t\t\t\t<div class=\"elementor-column elementor-col-100 elementor-top-column elementor-element elementor-element-dba2bb2\" data-id=\"dba2bb2\" data-element_type=\"column\">\n\t\t\t<div class=\"elementor-widget-wrap elementor-element-populated\">\n\t\t\t\t\t\t\t\t<section class=\"elementor-section elementor-inner-section elementor-element elementor-element-f3a1725 elementor-section-boxed elementor-section-height-default elementor-section-height-default\" data-id=\"f3a1725\" data-element_type=\"section\">\n\t\t\t\t\t\t<div class=\"elementor-container elementor-column-gap-default\">\n\t\t\t\t\t<div class=\"elementor-column elementor-col-50 elementor-inner-column elementor-element elementor-element-f0dc120\" data-id=\"f0dc120\" data-element_type=\"column\">\n\t\t\t<div class=\"elementor-widget-wrap elementor-element-populated\">\n\t\t\t\t\t\t\t\t<div class=\"elementor-element elementor-element-b4e6084 elementor-widget elementor-widget-feedzy-rss-feeds\" data-id=\"b4e6084\" data-element_type=\"widget\" data-widget_type=\"feedzy-rss-feeds.default\">\n\t\t\t\t<div class=\"elementor-widget-container\">\n\t\t\t<div class=\"feedzy-rss feedzy-66cdb54d58cf345bf09e022e36a4c658\"><ul><li  style=\"padding: 4px 0 6px\" class=\"rss_item\"><span class=\"title\"><a href=\"https:\/\/www.lemondeinformatique.fr\/actualites\/lire-comment-canal-industrialise-le-deploiement-d-agents-ia-avec-aws-99822.html\" target=\"\" rel=\"nofollow noopener\">Comment Canal+ industrialise le d\u00e9ploiement d'agents IA avec AWS<\/a><\/span><div class=\"rss_content\" style=\"\"><p>Transformer les usages des entreprises avec l\u2019IA. Tel a \u00e9t\u00e9 l\u2019un des points cl\u00e9s du discours port\u00e9 par AWS lors (...)<\/p><\/div><\/li><li  style=\"padding: 4px 0 6px\" class=\"rss_item\"><span class=\"title\"><a href=\"https:\/\/www.lemondeinformatique.fr\/actualites\/lire-les-efforts-d-aws-france-pour-credibiliser-sovereign-cloud-99817.html\" target=\"\" rel=\"nofollow noopener\">Les efforts d'AWS France pour cr\u00e9dibiliser Sovereign Cloud<\/a><\/span><div class=\"rss_content\" style=\"\"><p>A l'occasion de son sommet \u00e0 Paris le 1er avril, AWS France a \u00e9voqu\u00e9 devant un parterre de clients et de partenaires, les sujets tendances (...)<\/p><\/div><\/li><li  style=\"padding: 4px 0 6px\" class=\"rss_item\"><span class=\"title\"><a href=\"https:\/\/www.lemondeinformatique.fr\/actualites\/lire-le-piratage-du-npm-d-axios-fragilise-des-millions-d-applications-99812.html\" target=\"\" rel=\"nofollow noopener\">Le piratage du npm d'Axios fragilise des millions d'applications<\/a><\/span><div class=\"rss_content\" style=\"\"><p>Vincent Strubel, directeur g\u00e9n\u00e9ral de l\u2019Agence nationale de la s\u00e9curit\u00e9 des syst\u00e8mes d\u2019information a \u00e9voqu\u00e9 (...)<\/p><\/div><\/li><li  style=\"padding: 4px 0 6px\" class=\"rss_item\"><span class=\"title\"><a href=\"https:\/\/www.lemondeinformatique.fr\/actualites\/lire-cato-networks-decoupe-en-modules-son-offre-sase-99808.html\" target=\"\" rel=\"nofollow noopener\">Cato Networks d\u00e9coupe en modules son offre SASE<\/a><\/span><div class=\"rss_content\" style=\"\"><p>Pr\u00e9sent\u00e9\u00a0r\u00e9cemment par Cato Networks, le mod\u00e8le d'adoption modulaire pour sa plateforme SASE (Secure Access Service Edge)\u00a0donne (...)<\/p><\/div><\/li><li  style=\"padding: 4px 0 6px\" class=\"rss_item\"><span class=\"title\"><a href=\"https:\/\/www.lemondeinformatique.fr\/actualites\/lire-fic-2026-l-anssi-reclame-moins-de-dependance-numerique-99805.html\" target=\"\" rel=\"nofollow noopener\">FIC 2026 : L'Anssi r\u00e9clame moins de d\u00e9pendance num\u00e9rique<\/a><\/span><div class=\"rss_content\" style=\"\"><p>Environ 7 000 personnes (fournisseurs, partenaires, RSSI, DSI,\u2026) se sont donn\u00e9es rendez-vous au Palais des congr\u00e8s de Lille pour la (...)<\/p><\/div><\/li><li  style=\"padding: 4px 0 6px\" class=\"rss_item\"><span class=\"title\"><a href=\"https:\/\/www.lemondeinformatique.fr\/actualites\/lire-le-health-data-hub-nomme-hela-ghariani-directrice-generale-99793.html\" target=\"\" rel=\"nofollow noopener\">Le Health data hub nomme Hela Ghariani directrice g\u00e9n\u00e9rale<\/a><\/span><div class=\"rss_content\" style=\"\"><p>Au d\u00e9tour d'une\u00a0publication Linkedin\u00a0concernant la visite de son conseil d'administration, le Health data hub a officialis\u00e9 le (...)<\/p><\/div><\/li><li  style=\"padding: 4px 0 6px\" class=\"rss_item\"><span class=\"title\"><a href=\"https:\/\/www.lemondeinformatique.fr\/actualites\/lire-simplon-fait-decouvrir-l-it-a-des-jeunes-eloignes-de-l-emploi-99804.html\" target=\"\" rel=\"nofollow noopener\">Simplon fait d\u00e9couvrir l'IT \u00e0 des jeunes \u00e9loign\u00e9s de l'emploi<\/a><\/span><div class=\"rss_content\" style=\"\"><p>Dans la continuit\u00e9\u00a0de ses actions de formation au num\u00e9rique solidaires, l\u2019\u00e9cole Simplon ouvre un programme destin\u00e9 (...)<\/p><\/div><\/li><li  style=\"padding: 4px 0 6px\" class=\"rss_item\"><span class=\"title\"><a href=\"https:\/\/www.lemondeinformatique.fr\/actualites\/lire-aws-exonere-des-clients-apres-des-frappes-sur-ses-datacenters-au-moyen-orient-99797.html\" target=\"\" rel=\"nofollow noopener\">AWS exon\u00e8re des clients apr\u00e8s des frappes sur ses datacenters au Moyen-Orient<\/a><\/span><div class=\"rss_content\" style=\"\"><p>Dans une d\u00e9cision tout \u00e0 fait inhabituelle, Amazon\u00a0a confirm\u00e9 l'annulation de l\u2019int\u00e9gralit\u00e9 des frais d\u2019utilisation (...)<\/p><\/div><\/li><li  style=\"padding: 4px 0 6px\" class=\"rss_item\"><span class=\"title\"><a href=\"https:\/\/www.lemondeinformatique.fr\/actualites\/lire-l-erreur-d-un-employe-d-anthropic%C2%A0expose-le-code-source-de-claude-code-99798.html\" target=\"\" rel=\"nofollow noopener\">L'erreur d'un employ\u00e9 d'Anthropic\u00a0expose le code source de Claude Code<\/a><\/span><div class=\"rss_content\" style=\"\"><p>Un employ\u00e9 d'Anthropic\u00a0a accidentellement expos\u00e9 l'int\u00e9gralit\u00e9 du code source propri\u00e9taire de son outil de programmation (...)<\/p><\/div><\/li><li  style=\"padding: 4px 0 6px\" class=\"rss_item\"><span class=\"title\"><a href=\"https:\/\/www.lemondeinformatique.fr\/actualites\/lire-sylvain-lefeuvre-rejoint-board-of-cyber-comme-dga-99784.html\" target=\"\" rel=\"nofollow noopener\">Sylvain Lefeuvre rejoint Board of Cyber comme DGA<\/a><\/span><div class=\"rss_content\" style=\"\"><p>Apr\u00e8s avoir pass\u00e9 plus de 7 ans chez Oodrive \u00e0 s'occuper notamment du channel et des ventes, Sylvain Lefeuvre rejoint l'\u00e9quipe (...)<\/p><\/div><\/li><\/ul> <\/div>\t\t<\/div>\n\t\t\t\t<\/div>\n\t\t\t\t\t<\/div>\n\t\t<\/div>\n\t\t\t\t<div class=\"elementor-column elementor-col-50 elementor-inner-column elementor-element elementor-element-1d2c3e4\" data-id=\"1d2c3e4\" data-element_type=\"column\">\n\t\t\t<div class=\"elementor-widget-wrap elementor-element-populated\">\n\t\t\t\t\t\t\t\t<div class=\"elementor-element elementor-element-d53a207 elementor-widget elementor-widget-feedzy-rss-feeds\" data-id=\"d53a207\" data-element_type=\"widget\" data-widget_type=\"feedzy-rss-feeds.default\">\n\t\t\t\t<div class=\"elementor-widget-container\">\n\t\t\t<div class=\"feedzy-rss feedzy-beecf79824e1f9a27af07013d91a0d37\"><ul><li  style=\"padding: 4px 0 6px\" class=\"rss_item\"><span class=\"title\"><a href=\"https:\/\/www.lemondeinformatique.fr\/actualites\/lire-capgemini-defend-le-choix-d-azure-pour-le-health-data-hub-99782.html\" target=\"\" rel=\"nofollow noopener\">Capgemini d\u00e9fend le choix d'Azure pour le Health Data Hub<\/a><\/span><div class=\"rss_content\" style=\"\"><p>Le 26 mars, c'\u00e9tait au tour de\u00a0Capgemini d'\u00eatre auditionn\u00e9\u00a0par la\u00a0Commission d'enqu\u00eate sur les d\u00e9pendances (...)<\/p><\/div><\/li><li  style=\"padding: 4px 0 6px\" class=\"rss_item\"><span class=\"title\"><a href=\"https:\/\/www.lemondeinformatique.fr\/actualites\/lire-datacore-lance-une-appliance-de-stockage-objet-pour-l-edge-99745.html\" target=\"\" rel=\"nofollow noopener\">Datacore lance une appliance de stockage objet pour l'edge<\/a><\/span><div class=\"rss_content\" style=\"\"><p>Cela fait d\u00e9j\u00e0 plusieurs ann\u00e9es que Datacore renforce ses offres de stockage objet Swarm (\u00e0 ne pas confondre avec le gestionnaire (...)<\/p><\/div><\/li><li  style=\"padding: 4px 0 6px\" class=\"rss_item\"><span class=\"title\"><a href=\"https:\/\/www.lemondeinformatique.fr\/actualites\/lire-oracle-ajoute-des-agents-ia-a-fusion-cloud-applications-99737.html\" target=\"\" rel=\"nofollow noopener\">Oracle ajoute des agents IA \u00e0 Fusion Cloud Applications<\/a><\/span><div class=\"rss_content\" style=\"\"><p>A l'occasion de son \u00e9v\u00e8nement AI World Tour \u00e0 Paris le 19 mars dernier, Oracle avait indiqu\u00e9 avoir plus de 600 assistants et (...)<\/p><\/div><\/li><li  style=\"padding: 4px 0 6px\" class=\"rss_item\"><span class=\"title\"><a href=\"https:\/\/www.lemondeinformatique.fr\/actualites\/lire-les-banques-d-affaires-peinent-a-deployer-l-ia-a-grande-echelle-99699.html\" target=\"\" rel=\"nofollow noopener\">Les banques d'affaires peinent \u00e0 d\u00e9ployer l'IA \u00e0 grande \u00e9chelle<\/a><\/span><div class=\"rss_content\" style=\"\"><p>Les dirigeants de banques d'affaires et d'investissement (CIB pour Corporate and Investment Banking) qui mettent en oeuvre des programmes d'innovation (...)<\/p><\/div><\/li><li  style=\"padding: 4px 0 6px\" class=\"rss_item\"><span class=\"title\"><a href=\"https:\/\/www.lemondeinformatique.fr\/actualites\/lire-avec-forge-mistral-ai-personnalise-les-modeles-ia-des-entreprises-99665.html\" target=\"\" rel=\"nofollow noopener\">Avec Forge, Mistral AI personnalise les mod\u00e8les IA des entreprises<\/a><\/span><div class=\"rss_content\" style=\"\"><p>De plus en plus d\u2019entreprises souhaitent personnaliser les LLM en fonction de leurs besoins et des exigences de conformit\u00e9\u00a0pour mieux (...)<\/p><\/div><\/li><li  style=\"padding: 4px 0 6px\" class=\"rss_item\"><span class=\"title\"><a href=\"https:\/\/www.lemondeinformatique.fr\/actualites\/lire-flexitech-rallonge-la-duree-de-vie-de-sap-ecc-6-99573.html\" target=\"\" rel=\"nofollow noopener\">Flexitech rallonge la dur\u00e9e de vie de SAP ECC 6<\/a><\/span><div class=\"rss_content\" style=\"\"><p>Sp\u00e9cialiste des flexibles de freinage et du refroidissement pour des v\u00e9hicules thermiques, hybrides et \u00e9lectriques, l'industriel fran\u00e7ais (...)<\/p><\/div><\/li><li  style=\"padding: 4px 0 6px\" class=\"rss_item\"><span class=\"title\"><a href=\"https:\/\/www.lemondeinformatique.fr\/actualites\/lire-delivery-hero-mise-sur-la-supervision-pour-baisser-ses-couts-99507.html\" target=\"\" rel=\"nofollow noopener\">Delivery Hero mise sur la supervision pour baisser ses co\u00fbts<\/a><\/span><div class=\"rss_content\" style=\"\"><p>Depuis sa cr\u00e9ation \u00e0 Berlin en 2011, la jeune pousse Delivery Hero est devenue un acteur majeur de la livraison de repas et d'articles m\u00e9nagers (...)<\/p><\/div><\/li><li  style=\"padding: 4px 0 6px\" class=\"rss_item\"><span class=\"title\"><a href=\"https:\/\/www.lemondeinformatique.fr\/actualites\/lire-heliaq-s-empare-de-l-integrateur-kaistos-99478.html\" target=\"\" rel=\"nofollow noopener\">Heliaq s'empare de l'int\u00e9grateur Kaistos<\/a><\/span><div class=\"rss_content\" style=\"\"><p>Le groupe Heliaq\u00a0(anciennement Koesio Corporate IT)\u00a0poursuit sa mont\u00e9e en puissance, sa derni\u00e8re cible\u00a0: le rachat de Kaistos, (...)<\/p><\/div><\/li><li  style=\"padding: 4px 0 6px\" class=\"rss_item\"><span class=\"title\"><a href=\"https:\/\/www.lemondeinformatique.fr\/actualites\/lire-france-televisions-confie-ses-clouds-et-datacenters-a-sopra-steria-99394.html\" target=\"\" rel=\"nofollow noopener\">France T\u00e9l\u00e9visions confie ses clouds et datacenters \u00e0 Sopra Steria<\/a><\/span><div class=\"rss_content\" style=\"\"><p>Depuis l'an dernier, le groupe France T\u00e9l\u00e9visions a confi\u00e9 l'infog\u00e9rance de son infrastructure \u00e0 Sopra Steria pour 4 (...)<\/p><\/div><\/li><li  style=\"padding: 4px 0 6px\" class=\"rss_item\"><span class=\"title\"><a href=\"https:\/\/www.lemondeinformatique.fr\/actualites\/lire-la-cote-d-or-se-dote-d-un-datacenter-ia-modulaire-99329.html\" target=\"\" rel=\"nofollow noopener\">La C\u00f4te d'Or se dote d'un datacenter IA modulaire<\/a><\/span><div class=\"rss_content\" style=\"\"><p>Apr\u00e8s Cannes l'an dernier, c'est au tour du d\u00e9partement de la C\u00f4te d'Or (Bourgogne Franche-Comt\u00e9) d'annoncer avoir s\u00e9lectionn\u00e9 (...)<\/p><\/div><\/li><\/ul> <\/div>\t\t<\/div>\n\t\t\t\t<\/div>\n\t\t\t\t\t<\/div>\n\t\t<\/div>\n\t\t\t\t\t\t\t<\/div>\n\t\t<\/section>\n\t\t\t\t\t<\/div>\n\t\t<\/div>\n\t\t\t\t\t\t\t<\/div>\n\t\t<\/section>\n\t\t\t\t\t\t\t<\/div>\n\t\t","protected":false},"excerpt":{"rendered":"<p>Trouvez l&#8217;actualit\u00e9 du monde de la Cybers\u00e9curit\u00e9 et de l&#8217;informatique<\/p>\n","protected":false},"author":1,"featured_media":0,"parent":0,"menu_order":0,"comment_status":"closed","ping_status":"closed","template":"","meta":{"footnotes":""},"class_list":["post-13420","page","type-page","status-publish","hentry"],"_links":{"self":[{"href":"https:\/\/www.uneeti.com\/new\/index.php\/wp-json\/wp\/v2\/pages\/13420","targetHints":{"allow":["GET"]}}],"collection":[{"href":"https:\/\/www.uneeti.com\/new\/index.php\/wp-json\/wp\/v2\/pages"}],"about":[{"href":"https:\/\/www.uneeti.com\/new\/index.php\/wp-json\/wp\/v2\/types\/page"}],"author":[{"embeddable":true,"href":"https:\/\/www.uneeti.com\/new\/index.php\/wp-json\/wp\/v2\/users\/1"}],"replies":[{"embeddable":true,"href":"https:\/\/www.uneeti.com\/new\/index.php\/wp-json\/wp\/v2\/comments?post=13420"}],"version-history":[{"count":27,"href":"https:\/\/www.uneeti.com\/new\/index.php\/wp-json\/wp\/v2\/pages\/13420\/revisions"}],"predecessor-version":[{"id":21998,"href":"https:\/\/www.uneeti.com\/new\/index.php\/wp-json\/wp\/v2\/pages\/13420\/revisions\/21998"}],"wp:attachment":[{"href":"https:\/\/www.uneeti.com\/new\/index.php\/wp-json\/wp\/v2\/media?parent=13420"}],"curies":[{"name":"wp","href":"https:\/\/api.w.org\/{rel}","templated":true}]}}